{"id":9,"date":"2025-04-16T09:33:44","date_gmt":"2025-04-16T09:33:44","guid":{"rendered":"https:\/\/www.mockup.crossjoin.com\/?page_id=9"},"modified":"2025-06-03T15:15:24","modified_gmt":"2025-06-03T15:15:24","slug":"privacy-policy","status":"publish","type":"page","link":"https:\/\/www.mockup.crossjoin.com\/pt\/privacy-policy\/","title":{"rendered":"Pol\u00edtica de Privacidade"},"content":{"rendered":"<div style=\"height:100px\" aria-hidden=\"true\" class=\"wp-block-spacer\"><\/div>\n\n\n\n<h1 class=\"wp-block-heading\">Pol\u00edtica de Privacidade<\/h1>\n\n\n\n<p>\u00daltima atualiza\u00e7\u00e3o: 16 de fevereiro, 2025<\/p>\n\n\n\n<div style=\"height:100px\" aria-hidden=\"true\" class=\"wp-block-spacer\"><\/div>\n\n\n\n<p>Esta p\u00e1gina informa-o sobre as nossas pol\u00edticas relativas \u00e0 recolha, utiliza\u00e7\u00e3o e divulga\u00e7\u00e3o de Informa\u00e7\u00f5es Pessoais quando utiliza o nosso Servi\u00e7o.<\/p>\n\n\n\n<p>O servi\u00e7o descrito \u00e9 propriedade da Crossjoin Solutions, Lda, com sede na Rua Marcos de Assun\u00e7\u00e3o n\u00ba 7F, 2805-290 Almada - PORTUGAL, registada sob o n\u00famero de pessoa colectiva 509265103. A partir do momento em que este documento \u00e9 atualizado, \u00e9 designado por Crossjoin.<\/p>\n\n\n\n<p>N\u00e3o utilizaremos nem partilharemos as suas informa\u00e7\u00f5es com ningu\u00e9m, exceto conforme descrito na presente Pol\u00edtica de Privacidade.<\/p>\n\n\n\n<p>Utilizamos as suas informa\u00e7\u00f5es pessoais para fornecer e melhorar o Servi\u00e7o. Ao utilizar o Servi\u00e7o, o utilizador concorda com a recolha e utiliza\u00e7\u00e3o de informa\u00e7\u00f5es de acordo com esta pol\u00edtica. Salvo defini\u00e7\u00e3o em contr\u00e1rio na presente Pol\u00edtica de privacidade, os termos utilizados na presente Pol\u00edtica de privacidade t\u00eam o mesmo significado que nos nossos Termos e condi\u00e7\u00f5es, acess\u00edveis em https:\/\/www.crossjoin.pt<\/p>\n\n\n\n<div style=\"height:63px\" aria-hidden=\"true\" class=\"wp-block-spacer\"><\/div>\n\n\n\n<h2 class=\"wp-block-heading\"><strong>Recolha e utiliza\u00e7\u00e3o de informa\u00e7\u00f5es<\/strong><\/h2>\n\n\n\n<p>Ao utilizar o nosso Servi\u00e7o, podemos pedir-lhe que nos forne\u00e7a determinadas informa\u00e7\u00f5es de identifica\u00e7\u00e3o pessoal que podem ser utilizadas para o contactar ou identificar. As informa\u00e7\u00f5es de identifica\u00e7\u00e3o pessoal (\u201cInforma\u00e7\u00f5es pessoais\u201d) podem incluir, mas n\u00e3o se limitam a:<\/p>\n\n\n\n<ul class=\"wp-block-list\">\n<li>Nome<\/li>\n\n\n\n<li>Endere\u00e7o de e-mail<\/li>\n\n\n\n<li>Ficheiros de Curriculum Vitae<\/li>\n\n\n\n<li>Dados de registo<\/li>\n<\/ul>\n\n\n\n<p>Recolhemos informa\u00e7\u00f5es que o seu browser envia sempre que visita o nosso Servi\u00e7o (\u201cDados de registo\u201d). Estes dados de registo podem incluir informa\u00e7\u00f5es como:<\/p>\n\n\n\n<ul class=\"wp-block-list\">\n<li>o endere\u00e7o do Protocolo Internet (\u201cIP\u201d) do seu computador<\/li>\n\n\n\n<li>tipo de navegador<\/li>\n\n\n\n<li>vers\u00e3o do browser<\/li>\n\n\n\n<li>as p\u00e1ginas do nosso Servi\u00e7o que visita<\/li>\n\n\n\n<li>a hora e a data da sua visita<\/li>\n\n\n\n<li>a hora e a data da sua visita o tempo passado nessas p\u00e1ginas e outras estat\u00edsticas.<\/li>\n<\/ul>\n\n\n\n<p>Para mais informa\u00e7\u00f5es sobre a recolha de dados, pode tamb\u00e9m consultar a nossa p\u00e1gina de termos e condi\u00e7\u00f5es.<\/p>\n\n\n\n<div style=\"height:63px\" aria-hidden=\"true\" class=\"wp-block-spacer\"><\/div>\n\n\n\n<h2 class=\"wp-block-heading\"><strong>Cookies<\/strong><\/h2>\n\n\n\n<p>Os cookies s\u00e3o ficheiros com uma pequena quantidade de dados, que podem incluir um identificador \u00fanico an\u00f3nimo. Os cookies s\u00e3o enviados para o seu browser a partir de um s\u00edtio Web e armazenados no disco r\u00edgido do seu computador.<\/p>\n\n\n\n<p>Utilizamos cookies para recolher informa\u00e7\u00f5es. O utilizador pode dar instru\u00e7\u00f5es ao seu browser para recusar todos os cookies ou para indicar quando um cookie est\u00e1 a ser enviado. No entanto, se n\u00e3o aceitar cookies, poder\u00e1 n\u00e3o conseguir utilizar algumas partes do nosso Servi\u00e7o.<\/p>\n\n\n\n<p>Most of the cookies we use are so-called \u201csession cookies.\u201d They are automatically deleted after your visit. Other cookies remain in your device\u2019s memory until you delete them. These cookies make it possible to recognize your browser when you next visit the site. Crossjoin has a legitimate interest in the storage of cookies to ensure an optimized service provided free of technical errors.&nbsp;<\/p>\n\n\n\n<p>When you access our website, you will be asked to give your consent to the use of cookies, by clicking on the OK button in the banner that appears when you first visit our website<\/p>\n\n\n\n<div style=\"height:63px\" aria-hidden=\"true\" class=\"wp-block-spacer\"><\/div>\n\n\n\n<h2 class=\"wp-block-heading\"><strong>Service Providers<\/strong><\/h2>\n\n\n\n<p>We may employ third party companies and individuals to facilitate our Service, to provide the Service on our behalf, to perform Service-related services or to assist us in analyzing how our Service is used.<\/p>\n\n\n\n<p>These third parties may have access to your Personal Information only to perform these tasks on our behalf and are obligated not to disclose or use it for any other purpose.<\/p>\n\n\n\n<p>Additionally, we may engage third-party companies to display company-related content on users\u2019 social media platforms. This activity is strictly limited to promotions and communications related to our company. Any sharing of your data with third parties is done strictly for these purposes and in accordance with the data protection requirements of each advertising platform, which acts as a data processor under the GDPR.<\/p>\n\n\n\n<p>Crossjoin will never sell your personal information for any reason, or share said information without your consent.<\/p>\n\n\n\n<div style=\"height:63px\" aria-hidden=\"true\" class=\"wp-block-spacer\"><\/div>\n\n\n\n<h2 class=\"wp-block-heading\"><strong>Seguran\u00e7a<\/strong><\/h2>\n\n\n\n<p>The security of your Personal Information is important to us, but remember that no method of transmission over the Internet, or method of electronic storage is 100% secure. While we strive to use commercially acceptable means to protect your Personal Information, we cannot guarantee its absolute security.<\/p>\n\n\n\n<div style=\"height:63px\" aria-hidden=\"true\" class=\"wp-block-spacer\"><\/div>\n\n\n\n<h2 class=\"wp-block-heading\"><strong>Links To Other Sites<\/strong><\/h2>\n\n\n\n<p>Our Service may contain links to other sites that are not operated by us. If you click on a third party link, you will be directed to that third party\u2019s site. We strongly advise you to review the Privacy Policy of every site you visit.<\/p>\n\n\n\n<p>We have no control over, and assume no responsibility for the content, privacy policies or practices of any third party sites or services.<\/p>\n\n\n\n<div style=\"height:63px\" aria-hidden=\"true\" class=\"wp-block-spacer\"><\/div>\n\n\n\n<h2 class=\"wp-block-heading\"><strong>Children\u2019s Privacy<\/strong><\/h2>\n\n\n\n<p>Our Service does not address anyone under the age of 18 (\u201cChildren\u201d).<\/p>\n\n\n\n<p>We do not knowingly collect personally identifiable information from children under 18. If you are a parent or guardian and you are aware that your child has provided us with Personal Information, please contact us. If we discover that a child under 18 has provided us with Personal Information, we will delete such information from our servers immediately.<\/p>\n\n\n\n<div style=\"height:63px\" aria-hidden=\"true\" class=\"wp-block-spacer\"><\/div>\n\n\n\n<h3 class=\"wp-block-heading\"><strong>Facebook plugins&nbsp;<\/strong><\/h3>\n\n\n\n<p>The Facebook plugins can be recognized by the Facebook logo or the Like button on our site.&nbsp;<\/p>\n\n\n\n<p>When you visit our site, a direct connection between your browser and the Facebook server is established via the plugin. This enables Facebook to receive information that you have visited our site from your IP address. If you click on the Facebook \u201cLike button\u201d while you are logged into your Facebook account, you can link the content of our site to your Facebook profile. This allows Facebook to associate visits to our site with your user account. Please note that, as the operator of this site, we have no knowledge of the content of the data transmitted to Facebook or of how Facebook uses these data. For more information, please see Facebook\u2019s privacy policy at https:\/\/www.facebook.com\/privacy\/policy\/<\/p>\n\n\n\n<p>If you do not want Facebook to associate your visit to our site with your Facebook account, please log out of your Facebook account.<\/p>\n\n\n\n<div style=\"height:63px\" aria-hidden=\"true\" class=\"wp-block-spacer\"><\/div>\n\n\n\n<h3 class=\"wp-block-heading\"><strong>Instagram plugin<\/strong><\/h3>\n\n\n\n<p>Our website contains functions of the Instagram service.&nbsp;<\/p>\n\n\n\n<p>If you are logged into your Instagram account, you can click the Instagram button to link the content of our pages with your Instagram profile. This means that Instagram can associate visits to our pages with your user account. As the provider of this website, we expressly point out that we receive no information on the content of the transmitted data or its use by Instagram.<\/p>\n\n\n\n<p>For more information, see the Instagram Privacy Policy: https:\/\/privacycenter.instagram.com\/policy\/ .<\/p>\n\n\n\n<div style=\"height:63px\" aria-hidden=\"true\" class=\"wp-block-spacer\"><\/div>\n\n\n\n<h3 class=\"wp-block-heading\"><strong>LinkedIn plugin<\/strong><\/h3>\n\n\n\n<p>Our site uses functions from the LinkedIn network. The service is provided by LinkedIn Corporation.<\/p>\n\n\n\n<p>Each time one of our pages containing LinkedIn features is accessed, your browser establishes a direct connection to the LinkedIn servers. LinkedIn is informed that you have visited our web pages from your IP address. If you use the LinkedIn \u201cRecommend\u201d button and are logged into your LinkedIn account, it is possible for LinkedIn to associate your visit to our website to your user account. We would like to point out that, as the provider of these pages, we have no knowledge of the content of the data transmitted or how it will be used by LinkedIn.<\/p>\n\n\n\n<p>More information can be found in the LinkedIn privacy policy at https:\/\/www.linkedin.com\/legal\/privacy-policy .<\/p>\n\n\n\n<div style=\"height:63px\" aria-hidden=\"true\" class=\"wp-block-spacer\"><\/div>\n\n\n\n<h3 class=\"wp-block-heading\"><strong>Google Analytics<\/strong><\/h3>\n\n\n\n<p>This website uses Google Analytics, a web analytics service. It is operated by Google Inc.<\/p>\n\n\n\n<p>Google Analytics uses so-called \u201ccookies\u201d. These are text files that are stored on your computer and that allow ananalys is of the use of the website by you. The information generated by the cookie about your use of this website is usually transmitted to a Google server in the USA and stored there.<\/p>\n\n\n\n<p>Google Analytics cookies are stored based on Art. 6 (1) (f) DSGVO. The website operator has a legitimate interest in analyzing user behavior to optimize both its website and its advertising.<\/p>\n\n\n\n<div style=\"height:63px\" aria-hidden=\"true\" class=\"wp-block-spacer\"><\/div>\n\n\n\n<h3 class=\"wp-block-heading\"><strong>Google Analytics Remarketing<\/strong><\/h3>\n\n\n\n<p>Our websites use the features of Google Analytics Remarketing combined with the cross-device capabilities of Google AdWords and DoubleClick. This service is provided by Google Inc.<\/p>\n\n\n\n<p>This feature makes it possible to link target audiences for promotional marketing created with Google Analytics Remarketing to the cross device capabilities of Google AdWords and Google DoubleClick. This allows advertising to be displayed based on your personal interests, identified based on your previous usage and surfing behavior on one device (e.g. your mobile phone), on other devices (such as a tablet or computer).<\/p>\n\n\n\n<p>Once you have given your consent, Google will associate your web and app browsing history with your Google Account for this purpose. That way, any device that signs in to your Google Account can use the same personalized promotional messaging.<\/p>\n\n\n\n<p>To support this feature, Google Analytics collects Google authenticated IDs of users that are temporarily linked to our Google Analytics data to define and create audiences for cross-device ad promotion.<\/p>\n\n\n\n<p>You can permanently opt out of cross-device remarketing\/targeting by turning off personalized advertising in your Google Account; follow this link: https:\/\/www.google.com\/settings\/ads\/onweb\/ .<\/p>\n\n\n\n<p>The aggregation of the data collected in your Google Account data is based solely on your consent, which you may give or withdraw from Google per Art. 6 (1) (a) DSGVO. For data collection operations not merged into your Google Account (for example, because you do not have a Google Account or have objected to the merge), the collection of data is based on Art. 6(1) (f) DSGVO. The website operator has a legitimate interest in analyzing anonymous user behavior for promotional purposes. For more information and the Google Privacy Policy, go to: https:\/\/www.google.com\/policies\/technologies\/ads\/ .<\/p>\n\n\n\n<div style=\"height:63px\" aria-hidden=\"true\" class=\"wp-block-spacer\"><\/div>\n\n\n\n<h3 class=\"wp-block-heading\"><strong>Google AdWords and Google Conversion Tracking<\/strong><\/h3>\n\n\n\n<p>This website uses Google AdWords. AdWords is an online advertising program from Google Inc. (\u201cGoogle\u201d).<\/p>\n\n\n\n<p>As part of Google AdWords, we use so-called conversion tracking. When you click on an ad served by Google, a conversion tracking cookie is set. Cookies are small text files that your internet browser stores on your computer. These cookies expire after 30 days and are not used for personal identification of the user. Should the user visit certain pages of the website and the cookie has not yet expired, Google and the website can tell that the user clicked on the ad and proceeded to that page. Each Google AdWords advertiser has a different cookie. Thus, cookies cannot be tracked using the website of an AdWords advertiser. The information obtained using the conversion cookie is used to create conversion statistics for the AdWords advertisers who have opted for conversion tracking. Customers are told the total number of users who clicked on their ad and were redirected to a conversion tracking tag page. However, advertisers do not obtain any information that can be used to personally identify users. If you do not want to participate in tracking, you can opt-out of this by easily disabling the Google Conversion Tracking cookie by changing your browser settings. In doing so, you will not be included in the conversion tracking statistics.<\/p>\n\n\n\n<p>Conversion cookies are stored based on Art. 6 (1) (f) DSGVO. The website operator has a legitimate interest in analyzing user behavior to optimize both its website and its advertising.<\/p>\n\n\n\n<p>For more information about Google AdWords and Google Conversion Tracking, see the Google Privacy Policy: https:\/\/www.google.de\/policies\/privacy\/ .<\/p>\n\n\n\n<p>You can configure your browser to inform you about the use of cookies so that you can decide on a case-by-case basis whether to accept or reject a cookie.<\/p>\n\n\n\n<p>Alternatively, your browser can be configured to automatically accept cookies under certain conditions or to always reject them, or to automatically delete cookies when closing your browser. Disabling cookies may limit the functionality of this website.<\/p>\n\n\n\n<div style=\"height:63px\" aria-hidden=\"true\" class=\"wp-block-spacer\"><\/div>\n\n\n\n<h3 class=\"wp-block-heading\"><strong>Facebook Pixel<\/strong><\/h3>\n\n\n\n<p>Our website measures conversions using visitor action pixels from Facebook. These allow the behavior of site visitors to be tracked after they click on a Facebook ad to reach the provider\u2019s website. This allows an analysis of the effectiveness of Facebook advertisements for statistical and market research purposes and their future optimization.<\/p>\n\n\n\n<p>The data collected is anonymous to us as operators of this website and we cannot use it to draw any conclusions about our users\u2019 identities. However, the data are stored and processed by Facebook, which may make a connection to your Facebook profile and which may use the data for its own advertising purposes, as stipulated in the Facebook privacy policy . This will allow Facebook to display ads both on Facebook and on third-party sites. We have no control over how this data is used. Check out Facebook\u2019s privacy policy to learn more about protecting your privacy: https:\/\/www.facebook.com\/about\/privacy\/ .<\/p>\n\n\n\n<p>You can also deactivate the custom audiences remarketing feature in the Ads Settings section at https:\/\/www.facebook.com\/ads\/preferences\/?entry_product=ad_settings_screen . You will first need to log into Facebook.<\/p>\n\n\n\n<p>If you do not have a Facebook account, you can opt out of usage-based advertising from Facebook on the website of the European Interactive Digital Advertising Alliance: http:\/\/www.youronlinechoices.com\/de\/praferenzmanagement\/ .<\/p>\n\n\n\n<div style=\"height:63px\" aria-hidden=\"true\" class=\"wp-block-spacer\"><\/div>\n\n\n\n<h3 class=\"wp-block-heading\"><strong>Google Web Fonts<\/strong><\/h3>\n\n\n\n<p>For uniform representation of fonts, this page uses web fonts provided by Google. When you open a page, your browser loads the required web fonts into your browser cache to display texts and fonts correctly.<\/p>\n\n\n\n<p>For this purpose your browser has to establish a direct connection to Google servers. Google thus becomes aware that our web page was accessed via your IP address. The use of Google Web fonts is done in the interest of a uniform and attractive presentation of our website. This constitutes a justified interest pursuant to Art. 6 (1) (f) DSGVO.<\/p>\n\n\n\n<p>If your browser does not support web fonts, a standard font is used by your computer. Further information about handling user data, can be found at https:\/\/developers.google.com\/fonts\/faq and in Google\u2019s privacy policy at https:\/\/www.google.com\/policies\/privacy\/ .<\/p>\n\n\n\n<div style=\"height:63px\" aria-hidden=\"true\" class=\"wp-block-spacer\"><\/div>\n\n\n\n<h3 class=\"wp-block-heading\"><strong>Google Maps<\/strong><\/h3>\n\n\n\n<p>This site uses the Google Maps map service via an API. It is operated by Google Inc..<\/p>\n\n\n\n<p>To use Google Maps, it is necessary to save your IP address. This information is generally transmitted to a Google server in the USA and stored there. The provider of this site has no influence on this data transfer.<\/p>\n\n\n\n<p>The use of Google Maps is in the interest of making our website appealing and to facilitate the location of places specified by us on the website. This constitutes a justified interest pursuant to Art. 6 (1) (f) DSGVO.<\/p>\n\n\n\n<p>Further information about handling user data, can be found in the data protection declaration of Google at https:\/\/policies.google.com\/privacy .<\/p>\n\n\n\n<div style=\"height:63px\" aria-hidden=\"true\" class=\"wp-block-spacer\"><\/div>\n\n\n\n<h3 class=\"wp-block-heading\"><strong>Compliance With Laws<\/strong><\/h3>\n\n\n\n<p>We will disclose your Personal Information where required to do so by law or subpoena.<\/p>\n\n\n\n<p>(a) to comply with applicable law, including laws outside your country of residence;&nbsp;<\/p>\n\n\n\n<p>(b) to comply with legal process;&nbsp;<\/p>\n\n\n\n<p>(c) to respond to requests from public and government authorities, including authorities outside your country of residence and to meet national security or law enforcement requirements;&nbsp;<\/p>\n\n\n\n<p>(d) to enforce our terms and conditions;&nbsp;<\/p>\n\n\n\n<p>(e) protect our operations, such as in the event of any reorganisation, merger, sale, assignment, transfer or other disposition of all or any portion of the business, assets (including bankruptcy or similar proceedings);&nbsp;<\/p>\n\n\n\n<p>(a) to comply with applicable law, including laws outside your country of residence;&nbsp;<\/p>\n\n\n\n<p>(b) to comply with legal process;&nbsp;<\/p>\n\n\n\n<p>(c) to respond to requests from public and government authorities, including authorities outside your country of residence and to meet national security or law enforcement requirements;&nbsp;<\/p>\n\n\n\n<p>(d) to enforce our terms and conditions;&nbsp;<\/p>\n\n\n\n<p>(e) protect our operations, such as in the event of any reorganisation, merger, sale, assignment, transfer or other disposition of all or any portion of the business, assets (including bankruptcy or similar proceedings);&nbsp;<\/p>\n\n\n\n<p>(f) protect the rights, privacy, safety or property, you or others, and<\/p>\n\n\n\n<p>(g) allow us to pursue available remedies or limit the damages we may suffer.<\/p>\n\n\n\n<div style=\"height:63px\" aria-hidden=\"true\" class=\"wp-block-spacer\"><\/div>\n\n\n\n<h3 class=\"wp-block-heading\"><strong>Changes To This Privacy Policy<\/strong><\/h3>\n\n\n\n<p>We may update this privacy policy from time to time. Any changes will be posted on this page.<\/p>\n\n\n\n<p>You are advised to review this Privacy Policy periodically for any changes. Changes to this Privacy Policy are effective when they are posted on this page.<\/p>\n\n\n\n<div style=\"height:63px\" aria-hidden=\"true\" class=\"wp-block-spacer\"><\/div>\n\n\n\n<h3 class=\"wp-block-heading\"><strong>Contact Us<\/strong><\/h3>\n\n\n\n<p>If you have any questions about this Privacy Policy, please contact us by filling in the form below.<\/p>","protected":false},"excerpt":{"rendered":"<p>Privacy Policy Last updated: February 16, 2025 This page informs you of our policies regarding the collection, use and disclosure of Personal Information when you use<span class=\"excerpt-hellip\"> [\u2026]<\/span><\/p>","protected":false},"author":2,"featured_media":0,"parent":0,"menu_order":0,"comment_status":"closed","ping_status":"closed","template":"","meta":{"footnotes":""},"class_list":["post-9","page","type-page","status-publish","hentry"],"_links":{"self":[{"href":"https:\/\/www.mockup.crossjoin.com\/pt\/wp-json\/wp\/v2\/pages\/9","targetHints":{"allow":["GET"]}}],"collection":[{"href":"https:\/\/www.mockup.crossjoin.com\/pt\/wp-json\/wp\/v2\/pages"}],"about":[{"href":"https:\/\/www.mockup.crossjoin.com\/pt\/wp-json\/wp\/v2\/types\/page"}],"author":[{"embeddable":true,"href":"https:\/\/www.mockup.crossjoin.com\/pt\/wp-json\/wp\/v2\/users\/2"}],"replies":[{"embeddable":true,"href":"https:\/\/www.mockup.crossjoin.com\/pt\/wp-json\/wp\/v2\/comments?post=9"}],"version-history":[{"count":14,"href":"https:\/\/www.mockup.crossjoin.com\/pt\/wp-json\/wp\/v2\/pages\/9\/revisions"}],"predecessor-version":[{"id":26896,"href":"https:\/\/www.mockup.crossjoin.com\/pt\/wp-json\/wp\/v2\/pages\/9\/revisions\/26896"}],"wp:attachment":[{"href":"https:\/\/www.mockup.crossjoin.com\/pt\/wp-json\/wp\/v2\/media?parent=9"}],"curies":[{"name":"wp","href":"https:\/\/api.w.org\/{rel}","templated":true}]}}